{"id":1050,"date":"2024-05-17T21:43:54","date_gmt":"2024-05-17T19:43:54","guid":{"rendered":"https:\/\/podkarpackalewica.pl\/?page_id=1050"},"modified":"2024-05-17T21:46:44","modified_gmt":"2024-05-17T19:46:44","slug":"gabrielzajdel","status":"publish","type":"page","link":"https:\/\/podkarpackalewica.pl\/index.php\/gabrielzajdel\/","title":{"rendered":"Gabriel Zajdel"},"content":{"rendered":"\n<p>Nazywam si\u0119 Gabriel Zajdel i kandyduj\u0119 do Parlamentu Europejskiego. Moja dzia\u0142alno\u015b\u0107 spo\u0142eczna to nie tylko praca, ale przede wszystkim pasja i zobowi\u0105zanie wobec spo\u0142eczno\u015bci.<\/p>\n\n\n\n<p>Z wykszta\u0142cenia jestem nauczycielem j\u0119zyk\u00f3w obcych i technologii informacyjnych. Od lat dzia\u0142am aktywnie w obszarze edukacji i nowoczesnych technologii, prowadz\u0105c szkolenia z zakresu IT, zarz\u0105dzania firm\u0105, technologii cyfrowych oraz marketingu cyfrowego. Jako prezes oddzia\u0142u podkarpackiego Stowarzyszenia Wsp\u00f3\u0142pracy Polska-Wsch\u00f3d zajmuj\u0119 si\u0119 pomoc\u0105 w integracji os\u00f3b ze wschodu, kt\u00f3re by\u0142y zmuszone przyby\u0107 do nas z powodu dzia\u0142a\u0144 wojennych. Jestem r\u00f3wnie\u017c inicjatorem corocznej &#8222;Nocy Nietoperzy&#8221;, wydarzenia edukacyjnego po\u015bwi\u0119conego ochronie przyrody.<\/p>\n\n\n\n<p>Moim celem jest reprezentowanie Pa\u0144stwa interes\u00f3w w Parlamencie Europejskim poprzez:<\/p>\n\n\n\n<ul class=\"wp-block-list\">\n<li>Promowanie nowoczesnej edukacji i kompetencji cyfrowych<\/li>\n\n\n\n<li>Wspieranie zr\u00f3wnowa\u017conego rozwoju regionalnego<\/li>\n\n\n\n<li>U\u0142atwianie dost\u0119pu do innowacyjnych technologii<\/li>\n\n\n\n<li>Wzmacnianie wsp\u00f3\u0142pracy mi\u0119dzynarodowej na rzecz wsp\u00f3lnego dobra<\/li>\n<\/ul>\n\n\n\n<p>Prosz\u0119 o Pa\u0144stwa wsparcie i oddanie g\u0142osu na mnie 9 czerwca 2024 roku. Razem mo\u017cemy budowa\u0107 lepsz\u0105 przysz\u0142o\u015b\u0107.<\/p>\n\n\n\n<p>Z wyrazami szacunku,<\/p>\n\n\n\n<p>Gabriel Zajdel<\/p>\n\n\n\n<p>9 czerwca 2024 \u2013 Tw\u00f3j g\u0142os ma znaczenie!<\/p>\n","protected":false},"excerpt":{"rendered":"<p>Nazywam si\u0119 Gabriel Zajdel i kandyduj\u0119 do Parlamentu Europejskiego. Moja dzia\u0142alno\u015b\u0107 spo\u0142eczna to nie tylko praca, ale przede wszystkim pasja<\/p>\n","protected":false},"author":1,"featured_media":1054,"parent":0,"menu_order":0,"comment_status":"closed","ping_status":"closed","template":"","meta":{"colormag_page_layout":"default_layout","footnotes":""},"class_list":["post-1050","page","type-page","status-publish","has-post-thumbnail","hentry"],"_links":{"self":[{"href":"https:\/\/podkarpackalewica.pl\/index.php\/wp-json\/wp\/v2\/pages\/1050","targetHints":{"allow":["GET"]}}],"collection":[{"href":"https:\/\/podkarpackalewica.pl\/index.php\/wp-json\/wp\/v2\/pages"}],"about":[{"href":"https:\/\/podkarpackalewica.pl\/index.php\/wp-json\/wp\/v2\/types\/page"}],"author":[{"embeddable":true,"href":"https:\/\/podkarpackalewica.pl\/index.php\/wp-json\/wp\/v2\/users\/1"}],"replies":[{"embeddable":true,"href":"https:\/\/podkarpackalewica.pl\/index.php\/wp-json\/wp\/v2\/comments?post=1050"}],"version-history":[{"count":1,"href":"https:\/\/podkarpackalewica.pl\/index.php\/wp-json\/wp\/v2\/pages\/1050\/revisions"}],"predecessor-version":[{"id":1052,"href":"https:\/\/podkarpackalewica.pl\/index.php\/wp-json\/wp\/v2\/pages\/1050\/revisions\/1052"}],"wp:featuredmedia":[{"embeddable":true,"href":"https:\/\/podkarpackalewica.pl\/index.php\/wp-json\/wp\/v2\/media\/1054"}],"wp:attachment":[{"href":"https:\/\/podkarpackalewica.pl\/index.php\/wp-json\/wp\/v2\/media?parent=1050"}],"curies":[{"name":"wp","href":"https:\/\/api.w.org\/{rel}","templated":true}]}}