{"id":250,"date":"2021-03-22T14:22:46","date_gmt":"2021-03-22T13:22:46","guid":{"rendered":"https:\/\/podkarpackalewica.pl\/?page_id=250"},"modified":"2022-08-07T21:46:28","modified_gmt":"2022-08-07T19:46:28","slug":"warto-przeczytac","status":"publish","type":"page","link":"https:\/\/podkarpackalewica.pl\/index.php\/warto-przeczytac\/","title":{"rendered":"Warto przeczyta\u0107"},"content":{"rendered":"\n<p>W tym dziale znajduj\u0105 si\u0119 recenzje ciekawych wydawnictw napisane przez naszych cz\u0142onk\u00f3w. <\/p>\n\n\n\n<figure class=\"wp-block-image size-large\"><img loading=\"lazy\" decoding=\"async\" width=\"1024\" height=\"1\" src=\"https:\/\/podkarpackalewica.pl\/wp-content\/uploads\/2021\/01\/linia-1024x1.jpg\" alt=\"\" class=\"wp-image-88\" srcset=\"https:\/\/podkarpackalewica.pl\/wp-content\/uploads\/2021\/01\/linia-1024x1.jpg 1024w, https:\/\/podkarpackalewica.pl\/wp-content\/uploads\/2021\/01\/linia-300x1.jpg 300w, https:\/\/podkarpackalewica.pl\/wp-content\/uploads\/2021\/01\/linia-150x1.jpg 150w, https:\/\/podkarpackalewica.pl\/wp-content\/uploads\/2021\/01\/linia-768x1.jpg 768w, https:\/\/podkarpackalewica.pl\/wp-content\/uploads\/2021\/01\/linia.jpg 1140w\" sizes=\"auto, (max-width: 1024px) 100vw, 1024px\" \/><\/figure>\n\n\n\n<figure class=\"wp-block-embed is-type-wp-embed is-provider-osadzona-tresc wp-block-embed-osadzona-tresc\"><div class=\"wp-block-embed__wrapper\">\n<blockquote class=\"wp-embedded-content\" data-secret=\"K5G9gQCY2k\"><a href=\"https:\/\/podkarpackalewica.pl\/index.php\/2022\/06\/10\/historia-jest-nauczycielka-zycia\/\">Historia jest nauczycielk\u0105 \u017cycia?<\/a><\/blockquote><iframe loading=\"lazy\" class=\"wp-embedded-content\" sandbox=\"allow-scripts\" security=\"restricted\" style=\"position: absolute; clip: rect(1px, 1px, 1px, 1px);\" title=\"&#8222;Historia jest nauczycielk\u0105 \u017cycia?&#8221; &#8212; \" src=\"https:\/\/podkarpackalewica.pl\/index.php\/2022\/06\/10\/historia-jest-nauczycielka-zycia\/embed\/#?secret=BD0MJTQnRC#?secret=K5G9gQCY2k\" data-secret=\"K5G9gQCY2k\" width=\"600\" height=\"338\" frameborder=\"0\" marginwidth=\"0\" marginheight=\"0\" scrolling=\"no\"><\/iframe>\n<\/div><\/figure>\n\n\n\n<div class=\"wp-block-file\"><a id=\"wp-block-file--media-c6d48d2e-0196-47f9-932c-53c9f22a6966\" href=\"https:\/\/podkarpackalewica.pl\/wp-content\/uploads\/2022\/08\/Fakty-i-komentarze-Jerzy-Dabrowski.pdf\">Fakty i komentarze Jerzy D\u0105browski<\/a><a href=\"https:\/\/podkarpackalewica.pl\/wp-content\/uploads\/2022\/08\/Fakty-i-komentarze-Jerzy-Dabrowski.pdf\" class=\"wp-block-file__button\" download aria-describedby=\"wp-block-file--media-c6d48d2e-0196-47f9-932c-53c9f22a6966\">Pobierz<\/a><\/div>\n","protected":false},"excerpt":{"rendered":"<p>W tym dziale znajduj\u0105 si\u0119 recenzje ciekawych wydawnictw napisane przez naszych cz\u0142onk\u00f3w.<\/p>\n","protected":false},"author":1,"featured_media":0,"parent":0,"menu_order":0,"comment_status":"closed","ping_status":"closed","template":"","meta":{"colormag_page_layout":"default_layout","footnotes":""},"class_list":["post-250","page","type-page","status-publish","hentry"],"_links":{"self":[{"href":"https:\/\/podkarpackalewica.pl\/index.php\/wp-json\/wp\/v2\/pages\/250","targetHints":{"allow":["GET"]}}],"collection":[{"href":"https:\/\/podkarpackalewica.pl\/index.php\/wp-json\/wp\/v2\/pages"}],"about":[{"href":"https:\/\/podkarpackalewica.pl\/index.php\/wp-json\/wp\/v2\/types\/page"}],"author":[{"embeddable":true,"href":"https:\/\/podkarpackalewica.pl\/index.php\/wp-json\/wp\/v2\/users\/1"}],"replies":[{"embeddable":true,"href":"https:\/\/podkarpackalewica.pl\/index.php\/wp-json\/wp\/v2\/comments?post=250"}],"version-history":[{"count":5,"href":"https:\/\/podkarpackalewica.pl\/index.php\/wp-json\/wp\/v2\/pages\/250\/revisions"}],"predecessor-version":[{"id":784,"href":"https:\/\/podkarpackalewica.pl\/index.php\/wp-json\/wp\/v2\/pages\/250\/revisions\/784"}],"wp:attachment":[{"href":"https:\/\/podkarpackalewica.pl\/index.php\/wp-json\/wp\/v2\/media?parent=250"}],"curies":[{"name":"wp","href":"https:\/\/api.w.org\/{rel}","templated":true}]}}