{"id":3,"date":"2020-12-20T12:45:17","date_gmt":"2020-12-20T11:45:17","guid":{"rendered":"http:\/\/podkarpackalewica.pl\/?page_id=3"},"modified":"2021-03-18T08:56:23","modified_gmt":"2021-03-18T07:56:23","slug":"politique-de-confidentialite","status":"publish","type":"page","link":"https:\/\/podkarpackalewica.pl\/index.php\/politique-de-confidentialite\/","title":{"rendered":"Polityka Prywatno\u015bci"},"content":{"rendered":"\n<p><strong>Administratorem<\/strong>&nbsp;Pa\u0144stwa danych osobowych, czyli podmiotem decyduj\u0105cym o tym, jak b\u0119d\u0105 wykorzystywane Pa\u0144stwa dane osobowe po zarejestrowaniu si\u0119 w Serwisie, jest Operator Serwisu:<\/p>\n\n\n\n<p><strong>Nowa Lewica <\/strong>Podkarpacka Rada Wojew\u00f3dzka\u00a0z siedzib\u0105 przy ul. Ja\u0142owego 31w Rzeszowie<\/p>\n\n\n\n<p>Pa\u0144stwa dane osobowe s\u0105 przetwarzane przez Administratora, wy\u0142\u0105cznie w poni\u017cszych celach:<\/p>\n\n\n\n<ul class=\"wp-block-list\"><li>wysy\u0142ki Newslettera zawieraj\u0105cego informacje zwi\u0105zane z przedmiotem dzia\u0142alno\u015bci Administratora (w przypadku zapisania si\u0119 do us\u0142ugi Newsletter) \u2013 na podstawie art. 6 ust. 1, lit. a) og\u00f3lnego rozporz\u0105dzenia o ochronie danych (RODO)<\/li><li>nawi\u0105zania kontaktu zgodnie ze wskazanym celem (w przypadku wype\u0142nienia formularza kontaktowego) \u2013 na podstawie art. 6 ust. 1, lit. a) oraz art. 9 ust. 2 lit. d) og\u00f3lnego rozporz\u0105dzenia o ochronie danych (RODO)<\/li><\/ul>\n\n\n\n<p>Pa\u0144stwa dane osobowe s\u0105 przetwarzane przez Administratora r\u00f3wnie\u017c w celu ewentualnego ustalenia, dochodzenia lub obrony przed roszczeniami \u2013 podstaw\u0105 prawn\u0105 przetwarzania jest uzasadniony interes Administratora na podstawie art. 6 ust. 1, lit f) og\u00f3lnego rozporz\u0105dzenia o ochronie danych (RODO), polegaj\u0105cy na ochronie swoich praw.<\/p>\n\n\n\n<p>Administrator wymaga podania przez Pa\u0144stwa nast\u0119puj\u0105cych danych osobowych, aby m\u00f3c zawrze\u0107 i wykona\u0107 umow\u0119 zawart\u0105 z Pa\u0144stwem, a tym samym \u015bwiadczy\u0107 Pa\u0144stwu us\u0142ug\u0119 Newsletter:<\/p>\n\n\n\n<ul class=\"wp-block-list\"><li>adres e-mail<\/li><\/ul>\n\n\n\n<p>Administrator wymaga podania przez Pa\u0144stwa nast\u0119puj\u0105cych danych osobowych, aby m\u00f3c nawi\u0105za\u0107 z Pa\u0144stwem kontakt zgodnie z okre\u015blonym celem:<\/p>\n\n\n\n<ul class=\"wp-block-list\"><li>imi\u0119 i nazwisko<\/li><li>adres email<\/li><li>nazwa miejscowo\u015bci zamieszkania<\/li><li>wojew\u00f3dztwo<\/li><li>numer telefonu kontaktowego (opcjonalnie)<\/li><\/ul>\n\n\n\n<p>Je\u015bli z jakiego\u015b powodu nie zostan\u0105 podane wszystkie wymagane dane do \u015bwiadczenia danej us\u0142ugi lub zlecenia, Administrator nie b\u0119dzie m\u00f3g\u0142 realizowa\u0107 Pa\u0144stwu us\u0142ugi b\u0105d\u017a zlecenia.<\/p>\n\n\n\n<p>System informatyczny w kt\u00f3rym s\u0105 przetwarzane dane osobowe spe\u0142nia wymogi okre\u015blone w art. 24 oraz w art. 32 og\u00f3lnego rozporz\u0105dzenia o ochronie danych (RODO). Administrator serwisu do\u0142o\u017cy\u0142 nale\u017cytej staranno\u015bci w celu odpowiedniego zabezpieczenia przekazanych danych osobowych, w szczeg\u00f3lno\u015bci przed ich udost\u0119pnieniem osobom nieupowa\u017cnionym.<\/p>\n\n\n\n<p>Pa\u0144stwa dane osobowe s\u0105 przetwarzane z uwzgl\u0119dnieniem zasad: zgodno\u015bci z prawem, rzetelno\u015bci i przejrzysto\u015bci, ograniczenia celu, minimalizacji danych, prawid\u0142owo\u015bci, ograniczenia przechowywania, integralno\u015bci i poufno\u015bci.<\/p>\n\n\n\n<p>Administrator gwarantuje spe\u0142nienie wszystkich Pa\u0144stwa praw wynikaj\u0105cych z og\u00f3lnego rozporz\u0105dzenia o ochronie danych, tj. prawa dost\u0119pu, sprostowania oraz usuni\u0119cia danych, ograniczenia ich przetwarzania, prawa do ich przenoszenia, niepodlegania zautomatyzowanemu podejmowaniu decyzji, w tym profilowaniu, a tak\u017ce prawo do wyra\u017cenia sprzeciwu wobec przetwarzania danych osobowych.<\/p>\n\n\n\n<p>W ka\u017cdej chwili istnieje mo\u017cliwo\u015b\u0107 odwo\u0142ania zgody na przetwarzanie danych. Po odwo\u0142aniu zgody na przesy\u0142anie informacji handlowej nie otrzymacie Pa\u0144stwo Newslettera.<\/p>\n\n\n\n<p>Istnieje mo\u017cliwo\u015b\u0107 wniesienia sprzeciwu na przetwarzanie danych osobowych w celach marketingowych Administratora. Po wniesieniu sprzeciwu nie b\u0119dziecie Pa\u0144stwo otrzymywa\u0107 Newslettera.<\/p>\n\n\n\n<p>Ka\u017cdej osobie, kt\u00f3rej dotycz\u0105 dane (podmiotowi danych) przys\u0142uguje prawo dost\u0119pu do tre\u015bci swoich danych oraz ich poprawiania.<\/p>\n\n\n\n<p>W przypadku uznania, i\u017c przetwarzanie Pa\u0144stwa danych osobowych narusza przepisy og\u00f3lnego rozporz\u0105dzenia o ochronie danych (RODO), maj\u0105 Pa\u0144stwo prawo wnie\u015b\u0107 skarg\u0119 do organu nadzorczego, kt\u00f3rym jest Prezes Urz\u0119du Ochrony Danych Osobowych, ul. Stawki 2, 00-193 Warszawa.<\/p>\n\n\n\n<p>Administrator mo\u017ce udost\u0119pni\u0107 dane wy\u0142\u0105cznie podmiotom b\u0119d\u0105cym podmiotami przetwarzaj\u0105cymi, to jest \u015bwiadcz\u0105cymi us\u0142ugi na zlecenie Administratora, szczeg\u00f3lnie w zakresie: us\u0142ug IT, us\u0142ug i produkt\u00f3w Administratora, archiwizacji i obs\u0142ugi korespondencji. Poza powy\u017cszymi przypadkami podane dane osobowe bez wcze\u015bniejszego udzielenia wyra\u017anej zgody, nie b\u0119d\u0105 udost\u0119pniane innym podmiotom.<\/p>\n\n\n\n<p>Administrator b\u0119dzie przetwarza\u0107 Pa\u0144stwa dane osobowe dop\u00f3ki nie zako\u0144czy si\u0119 realizacja z\u0142o\u017conego przez Pa\u0144stwa zlecenia, lub nie wycofaj\u0105 Pa\u0144stwo zgody na przetwarzanie danych. Administrator zapewnia, \u017ce zgod\u0119 na przetwarzanie danych osobowych, mog\u0105 Pa\u0144stwo wycofa\u0107 w dowolnym momencie w ten sam spos\u00f3b, w jaki zosta\u0142a ona wyra\u017cona.<\/p>\n\n\n\n<p>Administrator nie b\u0119dzie przekazywa\u0107 Pa\u0144stwa danych osobowych poza Europejski Obszar Gospodarczy.<\/p>\n\n\n\n<p>Serwis mo\u017ce zawiera\u0107 linki do innych serwis\u00f3w internetowych, stron serwis\u00f3w spo\u0142eczno\u015bciowych lub do serwis\u00f3w internetowych podmiot\u00f3w wsp\u00f3\u0142pracuj\u0105cych z Administratorem. Przechodz\u0105c na serwis internetowy strony trzeciej, podlegaj\u0105 Pa\u0144stwo odr\u0119bnej polityce prywatno\u015bci i ochrony danych osobowych, w\u0142a\u015bciwej dla danego serwisu.<\/p>\n\n\n\n<p>Administrator w spos\u00f3b zautomatyzowany b\u0119dzie przetwarza\u0142 Pa\u0144stwa dane w postaci plik\u00f3w cookies, oraz w postaci informacji\u00a0s\u0142u\u017c\u0105cych do monitorowania zachowania u\u017cytkownik\u00f3w na stronie internetowej za po\u015brednictwem narz\u0119dzia Google Analitycs, w zakresie: adresu IP, wykorzystywanej przegl\u0105darki, j\u0119zyka, rodzaju systemu operacyjnego, dostawcy us\u0142ug internetowych, informacji o czasie i dacie oraz lokalizacji. Przetwarzanie plik\u00f3w cookies oraz informacji\u00a0s\u0142u\u017c\u0105cych do monitorowania zachowania u\u017cytkownik\u00f3w na stronie internetowej nie b\u0119dzie wywo\u0142ywa\u0107 wobec Pa\u0144stwa \u017cadnych skutk\u00f3w prawnych lub w podobny spos\u00f3b istotnie wp\u0142ywa\u0107 na Pa\u0144stwa sytuacj\u0119.<\/p>\n\n\n\n<p>Podstaw\u0105 prawn\u0105 dla przetwarzania plik\u00f3w cookies oraz informacji\u00a0s\u0142u\u017c\u0105cych do monitorowania zachowania u\u017cytkownik\u00f3w na stronie internetowej w celach analitycznych i statystycznych jest uzasadniony interes Administratora art. 6 ust. 1, lit f) og\u00f3lnego rozporz\u0105dzenia o ochronie danych (RODO), polegaj\u0105cy przede wszystkim na prowadzeniu analiz aktywno\u015bci U\u017cytkownik\u00f3w, a tak\u017ce ich preferencji, w celu poprawy stosowanych funkcjonalno\u015bci i \u015bwiadczonych us\u0142ug. <\/p>\n","protected":false},"excerpt":{"rendered":"<p>Administratorem&nbsp;Pa\u0144stwa danych osobowych, czyli podmiotem decyduj\u0105cym o tym, jak b\u0119d\u0105 wykorzystywane Pa\u0144stwa dane osobowe po zarejestrowaniu si\u0119 w Serwisie, jest<\/p>\n","protected":false},"author":1,"featured_media":0,"parent":0,"menu_order":0,"comment_status":"closed","ping_status":"open","template":"","meta":{"colormag_page_layout":"default_layout","footnotes":""},"class_list":["post-3","page","type-page","status-publish","hentry"],"_links":{"self":[{"href":"https:\/\/podkarpackalewica.pl\/index.php\/wp-json\/wp\/v2\/pages\/3","targetHints":{"allow":["GET"]}}],"collection":[{"href":"https:\/\/podkarpackalewica.pl\/index.php\/wp-json\/wp\/v2\/pages"}],"about":[{"href":"https:\/\/podkarpackalewica.pl\/index.php\/wp-json\/wp\/v2\/types\/page"}],"author":[{"embeddable":true,"href":"https:\/\/podkarpackalewica.pl\/index.php\/wp-json\/wp\/v2\/users\/1"}],"replies":[{"embeddable":true,"href":"https:\/\/podkarpackalewica.pl\/index.php\/wp-json\/wp\/v2\/comments?post=3"}],"version-history":[{"count":1,"href":"https:\/\/podkarpackalewica.pl\/index.php\/wp-json\/wp\/v2\/pages\/3\/revisions"}],"predecessor-version":[{"id":180,"href":"https:\/\/podkarpackalewica.pl\/index.php\/wp-json\/wp\/v2\/pages\/3\/revisions\/180"}],"wp:attachment":[{"href":"https:\/\/podkarpackalewica.pl\/index.php\/wp-json\/wp\/v2\/media?parent=3"}],"curies":[{"name":"wp","href":"https:\/\/api.w.org\/{rel}","templated":true}]}}